{"id":2580,"date":"2024-10-18T08:56:17","date_gmt":"2024-10-18T08:56:17","guid":{"rendered":"https:\/\/andresyves.com\/AY2025\/?page_id=2580"},"modified":"2025-02-18T11:05:02","modified_gmt":"2025-02-18T11:05:02","slug":"test","status":"publish","type":"page","link":"https:\/\/andresyves.com\/es\/test\/","title":{"rendered":"TEST"},"content":{"rendered":"<div class=\"fusion-fullwidth fullwidth-box fusion-builder-row-1 fusion-flex-container nonhundred-percent-fullwidth non-hundred-percent-height-scrolling\" style=\"--awb-border-radius-top-left:0px;--awb-border-radius-top-right:0px;--awb-border-radius-bottom-right:0px;--awb-border-radius-bottom-left:0px;--awb-flex-wrap:wrap;\" ><div class=\"fusion-builder-row fusion-row fusion-flex-align-items-flex-start fusion-flex-content-wrap\" style=\"max-width:1260px;margin-left: calc(-5% \/ 2 );margin-right: calc(-5% \/ 2 );\"><div class=\"fusion-layout-column fusion_builder_column fusion-builder-column-0 fusion_builder_column_1_1 1_1 fusion-flex-column\" style=\"--awb-bg-size:cover;--awb-width-large:100%;--awb-margin-top-large:0px;--awb-spacing-right-large:2.375%;--awb-margin-bottom-large:0px;--awb-spacing-left-large:2.375%;--awb-width-medium:100%;--awb-order-medium:0;--awb-spacing-right-medium:2.375%;--awb-spacing-left-medium:2.375%;--awb-width-small:100%;--awb-order-small:0;--awb-spacing-right-small:2.375%;--awb-spacing-left-small:2.375%;\"><div class=\"fusion-column-wrapper fusion-column-has-shadow fusion-flex-justify-content-flex-start fusion-content-layout-column\"><div ><a class=\"fusion-button button-flat fusion-button-default-size button-default fusion-button-default button-1 fusion-button-default-span fusion-button-default-type\" target=\"_self\" href=\"#awb-oc__2998\"><span class=\"fusion-button-text awb-button__text awb-button__text--default\">Button Text<\/span><\/a><\/div><a class=\"awb-lightbox awb-lightbox-1\" data-title=\"Video\" title=\"Video\" href=\"https:\/\/vimeo.com\/1039723128\" data-caption=\"Video\" data-rel=\"iLightbox\"><img class=\"lazyload\" decoding=\"async\" src=\"data:image\/svg+xml,%3Csvg%20xmlns%3D%27http%3A%2F%2Fwww.w3.org%2F2000%2Fsvg%27%20width%3D%271920%27%20height%3D%271080%27%20viewBox%3D%270%200%201920%201080%27%3E%3Crect%20width%3D%271920%27%20height%3D%271080%27%20fill-opacity%3D%220%22%2F%3E%3C%2Fsvg%3E\" data-orig-src=\"https:\/\/andresyves.com\/wp-content\/uploads\/2024\/10\/COVER.webp\"><\/a><\/div><\/div><\/div><\/div><div class=\"fusion-fullwidth fullwidth-box fusion-builder-row-2 fusion-flex-container hundred-percent-fullwidth non-hundred-percent-height-scrolling\" style=\"--awb-border-radius-top-left:0px;--awb-border-radius-top-right:0px;--awb-border-radius-bottom-right:0px;--awb-border-radius-bottom-left:0px;--awb-flex-wrap:wrap;\" ><div class=\"fusion-builder-row fusion-row fusion-flex-align-items-flex-start fusion-flex-content-wrap\" style=\"width:105% !important;max-width:105% !important;margin-left: calc(-5% \/ 2 );margin-right: calc(-5% \/ 2 );\"><div class=\"fusion-layout-column fusion_builder_column fusion-builder-column-1 fusion_builder_column_1_1 1_1 fusion-flex-column\" style=\"--awb-bg-size:cover;--awb-width-large:100%;--awb-margin-top-large:0px;--awb-spacing-right-large:2.375%;--awb-margin-bottom-large:0px;--awb-spacing-left-large:2.375%;--awb-width-medium:100%;--awb-spacing-right-medium:2.375%;--awb-spacing-left-medium:2.375%;--awb-width-small:100%;--awb-spacing-right-small:2.375%;--awb-spacing-left-small:2.375%;\"><div class=\"fusion-column-wrapper fusion-flex-justify-content-flex-start fusion-content-layout-row\"><div class=\"fusion-text fusion-text-1\"><p><code><\/code><\/p><\/p>\n<\/div><div class=\"fusion-post-cards fusion-post-cards-1 fusion-grid-archive fusion-grid-columns-3\" style=\"--awb-dots-align:center;--awb-columns:3;--awb-active-filter-border-size:3px;--awb-filters-height:36px;\"><ul class=\"fusion-grid fusion-grid-3 fusion-flex-align-items-flex-start fusion-grid-posts-cards\"><li class=\"fusion-layout-column fusion_builder_column fusion-builder-column-2 fusion-flex-column fusion-column-inner-bg-wrapper post-card fusion-grid-column fusion-post-cards-grid-column\" style=\"--awb-inner-bg-blend:overlay;--awb-inner-bg-size:cover;--awb-transform-origin:NaN% 50%;--awb-transition:filter 475ms ease, transform 475ms ease, background-color 475ms ease, border-color 475ms ease;--awb-transform:scaleX(0.99) scaleY(0.99);--awb-transform-hover:scaleX(1.00) scaleY(1.00);--awb-flex-grow:0;--awb-flex-shrink:0;--awb-flex-grow-medium:0;--awb-flex-shrink-medium:0;--awb-flex-grow-small:0;--awb-flex-shrink-small:0;\" data-scroll-devices=\"small-visibility,medium-visibility,large-visibility\"><span class=\"fusion-column-inner-bg hover-type-zoomin\"><span class=\"fusion-column-anchor\"><span class=\"fusion-column-inner-bg-image\"><\/span><\/span><\/span><div class=\"fusion-column-wrapper fusion-column-has-shadow fusion-flex-justify-content-flex-start fusion-content-layout-column\"><div class=\"fusion-classic-product-image-wrapper fusion-woo-product-image fusion-post-card-image fusion-post-card-image-1 product-images has-aspect-ratio\" data-layout=\"crossfade\" style=\"--awb-border-radius-top-left:10px;--awb-border-radius-top-right:10px;--awb-border-radius-bottom-right:10px;--awb-border-radius-bottom-left:10px;--awb-aspect-ratio:16 \/ 9;\"><a href=\"https:\/\/andresyves.com\/es\/project\/emlyon-business-school\/\" title=\"Emlyon Business School\"><div class=\"featured-image\">\n\t\t<img decoding=\"async\" width=\"2560\" height=\"1440\" src=\"https:\/\/andresyves.com\/wp-content\/uploads\/2026\/01\/EMLYON_COVER2-scaled.webp\" class=\"attachment-full size-full lazyload wp-post-image\" alt=\"\" srcset=\"data:image\/svg+xml,%3Csvg%20xmlns%3D%27http%3A%2F%2Fwww.w3.org%2F2000%2Fsvg%27%20width%3D%272560%27%20height%3D%271440%27%20viewBox%3D%270%200%202560%201440%27%3E%3Crect%20width%3D%272560%27%20height%3D%271440%27%20fill-opacity%3D%220%22%2F%3E%3C%2Fsvg%3E\" data-orig-src=\"https:\/\/andresyves.com\/wp-content\/uploads\/2026\/01\/EMLYON_COVER2-scaled.webp\" data-srcset=\"https:\/\/andresyves.com\/wp-content\/uploads\/2026\/01\/EMLYON_COVER2-200x113.webp 200w, https:\/\/andresyves.com\/wp-content\/uploads\/2026\/01\/EMLYON_COVER2-400x225.webp 400w, https:\/\/andresyves.com\/wp-content\/uploads\/2026\/01\/EMLYON_COVER2-600x338.webp 600w, https:\/\/andresyves.com\/wp-content\/uploads\/2026\/01\/EMLYON_COVER2-800x450.webp 800w, https:\/\/andresyves.com\/wp-content\/uploads\/2026\/01\/EMLYON_COVER2-1200x675.webp 1200w, https:\/\/andresyves.com\/wp-content\/uploads\/2026\/01\/EMLYON_COVER2-scaled.webp 2560w\" data-sizes=\"auto\" \/>\n\t<\/div>\n<\/a><\/div><div class=\"fusion-text fusion-text-2 fusion-text-no-margin\" style=\"--awb-font-size:25px;--awb-line-height:1.2;--awb-letter-spacing:0.74px;--awb-text-transform:uppercase;--awb-text-color:#ffffff;--awb-margin-top:15px;--awb-margin-left:10px;--awb-text-font-family:&quot;Inter Tight&quot;;--awb-text-font-style:normal;--awb-text-font-weight:800;\"><p>Emlyon Business School<\/p>\n<\/div><div class=\"fusion-text fusion-text-3 fusion-text-no-margin\" style=\"--awb-font-size:14px;--awb-text-color:#d3d3d3;--awb-margin-bottom:10px;--awb-margin-left:10px;--awb-text-font-family:&quot;Inter Tight&quot;;--awb-text-font-style:normal;--awb-text-font-weight:400;\"><p>Un V\u00eddeo Din\u00e1mico Para Una Escuela Din\u00e1mica<\/p>\n<\/div><div class=\"fusion-social-links fusion-social-links-1\" style=\"--awb-margin-top:0px;--awb-margin-right:0px;--awb-margin-bottom:0px;--awb-margin-left:0px;--awb-box-border-top:0px;--awb-box-border-right:0px;--awb-box-border-bottom:0px;--awb-box-border-left:0px;--awb-icon-colors-hover:var(--awb-color5);--awb-box-colors-hover:var(--awb-color1);--awb-box-border-color:var(--awb-color3);--awb-box-border-color-hover:var(--awb-color4);\"><div class=\"fusion-social-networks color-type-custom\"><div class=\"fusion-social-networks-wrapper\"><a class=\"fusion-social-network-icon fusion-tooltip fusion-facebook awb-icon-facebook\" style=\"color:var(--awb-color8);font-size:14px;\" data-placement=\"top\" data-title=\"Facebook\" data-toggle=\"tooltip\" title=\"Facebook\" aria-label=\"facebook\" target=\"_blank\" rel=\"noopener noreferrer\" href=\"#\"><\/a><a class=\"fusion-social-network-icon fusion-tooltip fusion-twitter awb-icon-twitter\" style=\"color:var(--awb-color8);font-size:14px;\" data-placement=\"top\" data-title=\"X\" data-toggle=\"tooltip\" title=\"X\" aria-label=\"twitter\" target=\"_blank\" rel=\"noopener noreferrer\" href=\"#\"><\/a><a class=\"fusion-social-network-icon fusion-tooltip fusion-instagram awb-icon-instagram\" style=\"color:var(--awb-color8);font-size:14px;\" data-placement=\"top\" data-title=\"Instagram\" data-toggle=\"tooltip\" title=\"Instagram\" aria-label=\"instagram\" target=\"_blank\" rel=\"noopener noreferrer\" href=\"#\"><\/a><\/div><\/div><\/div><div ><a class=\"fusion-button button-flat fusion-button-default-size button-default fusion-button-default button-2 fusion-button-default-span fusion-button-default-type\" target=\"lightbox\" rel=\"iLightbox\" href=\"#\" data-toggle=\"modal\" data-target=\".fusion-modal.Emlyon Business School\"><span class=\"fusion-button-text awb-button__text awb-button__text--default\">Watch Video<\/span><\/a><\/div><\/div><\/li><li class=\"fusion-layout-column fusion_builder_column fusion-builder-column-3 fusion-flex-column fusion-column-inner-bg-wrapper post-card fusion-grid-column fusion-post-cards-grid-column\" style=\"--awb-inner-bg-blend:overlay;--awb-inner-bg-size:cover;--awb-transform-origin:NaN% 50%;--awb-transition:filter 475ms ease, transform 475ms ease, background-color 475ms ease, border-color 475ms ease;--awb-transform:scaleX(0.99) scaleY(0.99);--awb-transform-hover:scaleX(1.00) scaleY(1.00);--awb-flex-grow:0;--awb-flex-shrink:0;--awb-flex-grow-medium:0;--awb-flex-shrink-medium:0;--awb-flex-grow-small:0;--awb-flex-shrink-small:0;\" data-scroll-devices=\"small-visibility,medium-visibility,large-visibility\"><span class=\"fusion-column-inner-bg hover-type-zoomin\"><span class=\"fusion-column-anchor\"><span class=\"fusion-column-inner-bg-image\"><\/span><\/span><\/span><div class=\"fusion-column-wrapper fusion-column-has-shadow fusion-flex-justify-content-flex-start fusion-content-layout-column\"><div class=\"fusion-classic-product-image-wrapper fusion-woo-product-image fusion-post-card-image fusion-post-card-image-1 product-images has-aspect-ratio\" data-layout=\"crossfade\" style=\"--awb-border-radius-top-left:10px;--awb-border-radius-top-right:10px;--awb-border-radius-bottom-right:10px;--awb-border-radius-bottom-left:10px;--awb-aspect-ratio:16 \/ 9;\"><a href=\"https:\/\/andresyves.com\/es\/project\/argus\/\" title=\"ARGUS\"><div class=\"featured-image\">\n\t\t<img decoding=\"async\" width=\"2000\" height=\"1334\" src=\"https:\/\/andresyves.com\/wp-content\/uploads\/2025\/02\/Thumbnail-for-web.webp\" class=\"attachment-full size-full lazyload wp-post-image\" alt=\"\" srcset=\"data:image\/svg+xml,%3Csvg%20xmlns%3D%27http%3A%2F%2Fwww.w3.org%2F2000%2Fsvg%27%20width%3D%272000%27%20height%3D%271334%27%20viewBox%3D%270%200%202000%201334%27%3E%3Crect%20width%3D%272000%27%20height%3D%271334%27%20fill-opacity%3D%220%22%2F%3E%3C%2Fsvg%3E\" data-orig-src=\"https:\/\/andresyves.com\/wp-content\/uploads\/2025\/02\/Thumbnail-for-web.webp\" data-srcset=\"https:\/\/andresyves.com\/wp-content\/uploads\/2025\/02\/Thumbnail-for-web-200x133.webp 200w, https:\/\/andresyves.com\/wp-content\/uploads\/2025\/02\/Thumbnail-for-web-400x267.webp 400w, https:\/\/andresyves.com\/wp-content\/uploads\/2025\/02\/Thumbnail-for-web-600x400.webp 600w, https:\/\/andresyves.com\/wp-content\/uploads\/2025\/02\/Thumbnail-for-web-800x534.webp 800w, https:\/\/andresyves.com\/wp-content\/uploads\/2025\/02\/Thumbnail-for-web-1200x800.webp 1200w, https:\/\/andresyves.com\/wp-content\/uploads\/2025\/02\/Thumbnail-for-web.webp 2000w\" data-sizes=\"auto\" \/>\n\t<\/div>\n<\/a><\/div><div class=\"fusion-text fusion-text-4 fusion-text-no-margin\" style=\"--awb-font-size:25px;--awb-line-height:1.2;--awb-letter-spacing:0.74px;--awb-text-transform:uppercase;--awb-text-color:#ffffff;--awb-margin-top:15px;--awb-margin-left:10px;--awb-text-font-family:&quot;Inter Tight&quot;;--awb-text-font-style:normal;--awb-text-font-weight:800;\"><p>ARGUS<\/p>\n<\/div><div class=\"fusion-text fusion-text-5 fusion-text-no-margin\" style=\"--awb-font-size:14px;--awb-text-color:#d3d3d3;--awb-margin-bottom:10px;--awb-margin-left:10px;--awb-text-font-family:&quot;Inter Tight&quot;;--awb-text-font-style:normal;--awb-text-font-weight:400;\"><p>Salvando la Herencia Cultural Europea. V\u00eddeo Explicativo<\/p>\n<\/div><div class=\"fusion-social-links fusion-social-links-2\" style=\"--awb-margin-top:0px;--awb-margin-right:0px;--awb-margin-bottom:0px;--awb-margin-left:0px;--awb-box-border-top:0px;--awb-box-border-right:0px;--awb-box-border-bottom:0px;--awb-box-border-left:0px;--awb-icon-colors-hover:var(--awb-color5);--awb-box-colors-hover:var(--awb-color1);--awb-box-border-color:var(--awb-color3);--awb-box-border-color-hover:var(--awb-color4);\"><div class=\"fusion-social-networks color-type-custom\"><div class=\"fusion-social-networks-wrapper\"><a class=\"fusion-social-network-icon fusion-tooltip fusion-facebook awb-icon-facebook\" style=\"color:var(--awb-color8);font-size:14px;\" data-placement=\"top\" data-title=\"Facebook\" data-toggle=\"tooltip\" title=\"Facebook\" aria-label=\"facebook\" target=\"_blank\" rel=\"noopener noreferrer\" href=\"#\"><\/a><a class=\"fusion-social-network-icon fusion-tooltip fusion-twitter awb-icon-twitter\" style=\"color:var(--awb-color8);font-size:14px;\" data-placement=\"top\" data-title=\"X\" data-toggle=\"tooltip\" title=\"X\" aria-label=\"twitter\" target=\"_blank\" rel=\"noopener noreferrer\" href=\"#\"><\/a><a class=\"fusion-social-network-icon fusion-tooltip fusion-instagram awb-icon-instagram\" style=\"color:var(--awb-color8);font-size:14px;\" data-placement=\"top\" data-title=\"Instagram\" data-toggle=\"tooltip\" title=\"Instagram\" aria-label=\"instagram\" target=\"_blank\" rel=\"noopener noreferrer\" href=\"#\"><\/a><\/div><\/div><\/div><div ><a class=\"fusion-button button-flat fusion-button-default-size button-default fusion-button-default button-3 fusion-button-default-span fusion-button-default-type\" target=\"lightbox\" rel=\"iLightbox\" href=\"#\" data-toggle=\"modal\" data-target=\".fusion-modal.ARGUS\"><span class=\"fusion-button-text awb-button__text awb-button__text--default\">Watch Video<\/span><\/a><\/div><\/div><\/li>\n<li class=\"fusion-layout-column fusion_builder_column fusion-builder-column-4 fusion-flex-column fusion-column-inner-bg-wrapper post-card fusion-grid-column fusion-post-cards-grid-column\" style=\"--awb-inner-bg-blend:overlay;--awb-inner-bg-size:cover;--awb-transform-origin:NaN% 50%;--awb-transition:filter 475ms ease, transform 475ms ease, background-color 475ms ease, border-color 475ms ease;--awb-transform:scaleX(0.99) scaleY(0.99);--awb-transform-hover:scaleX(1.00) scaleY(1.00);--awb-flex-grow:0;--awb-flex-shrink:0;--awb-flex-grow-medium:0;--awb-flex-shrink-medium:0;--awb-flex-grow-small:0;--awb-flex-shrink-small:0;\" data-scroll-devices=\"small-visibility,medium-visibility,large-visibility\"><span class=\"fusion-column-inner-bg hover-type-zoomin\"><span class=\"fusion-column-anchor\"><span class=\"fusion-column-inner-bg-image\"><\/span><\/span><\/span><div class=\"fusion-column-wrapper fusion-column-has-shadow fusion-flex-justify-content-flex-start fusion-content-layout-column\"><div class=\"fusion-classic-product-image-wrapper fusion-woo-product-image fusion-post-card-image fusion-post-card-image-1 product-images has-aspect-ratio\" data-layout=\"crossfade\" style=\"--awb-border-radius-top-left:10px;--awb-border-radius-top-right:10px;--awb-border-radius-bottom-right:10px;--awb-border-radius-bottom-left:10px;--awb-aspect-ratio:16 \/ 9;\"><a href=\"https:\/\/andresyves.com\/es\/project\/the-black-browed-fools\/\" title=\"The Black Browed Fools\"><div class=\"featured-image\">\n\t\t<img decoding=\"async\" width=\"1996\" height=\"1346\" src=\"https:\/\/andresyves.com\/wp-content\/uploads\/2026\/01\/Warped-Fools-2-cover.jpg\" class=\"attachment-full size-full lazyload wp-post-image\" alt=\"\" srcset=\"data:image\/svg+xml,%3Csvg%20xmlns%3D%27http%3A%2F%2Fwww.w3.org%2F2000%2Fsvg%27%20width%3D%271996%27%20height%3D%271346%27%20viewBox%3D%270%200%201996%201346%27%3E%3Crect%20width%3D%271996%27%20height%3D%271346%27%20fill-opacity%3D%220%22%2F%3E%3C%2Fsvg%3E\" data-orig-src=\"https:\/\/andresyves.com\/wp-content\/uploads\/2026\/01\/Warped-Fools-2-cover.jpg\" data-srcset=\"https:\/\/andresyves.com\/wp-content\/uploads\/2026\/01\/Warped-Fools-2-cover-200x135.jpg 200w, https:\/\/andresyves.com\/wp-content\/uploads\/2026\/01\/Warped-Fools-2-cover-400x270.jpg 400w, https:\/\/andresyves.com\/wp-content\/uploads\/2026\/01\/Warped-Fools-2-cover-600x405.jpg 600w, https:\/\/andresyves.com\/wp-content\/uploads\/2026\/01\/Warped-Fools-2-cover-800x539.jpg 800w, https:\/\/andresyves.com\/wp-content\/uploads\/2026\/01\/Warped-Fools-2-cover-1200x809.jpg 1200w, https:\/\/andresyves.com\/wp-content\/uploads\/2026\/01\/Warped-Fools-2-cover.jpg 1996w\" data-sizes=\"auto\" \/>\n\t<\/div>\n<\/a><\/div><div class=\"fusion-text fusion-text-6 fusion-text-no-margin\" style=\"--awb-font-size:25px;--awb-line-height:1.2;--awb-letter-spacing:0.74px;--awb-text-transform:uppercase;--awb-text-color:#ffffff;--awb-margin-top:15px;--awb-margin-left:10px;--awb-text-font-family:&quot;Inter Tight&quot;;--awb-text-font-style:normal;--awb-text-font-weight:800;\"><p>The Black Browed Fools<\/p>\n<\/div><div class=\"fusion-text fusion-text-7 fusion-text-no-margin\" style=\"--awb-font-size:14px;--awb-text-color:#d3d3d3;--awb-margin-bottom:10px;--awb-margin-left:10px;--awb-text-font-family:&quot;Inter Tight&quot;;--awb-text-font-style:normal;--awb-text-font-weight:400;\"><p>A Brothers' Trip To The Arctic<\/p>\n<\/div><div class=\"fusion-social-links fusion-social-links-3\" style=\"--awb-margin-top:0px;--awb-margin-right:0px;--awb-margin-bottom:0px;--awb-margin-left:0px;--awb-box-border-top:0px;--awb-box-border-right:0px;--awb-box-border-bottom:0px;--awb-box-border-left:0px;--awb-icon-colors-hover:var(--awb-color5);--awb-box-colors-hover:var(--awb-color1);--awb-box-border-color:var(--awb-color3);--awb-box-border-color-hover:var(--awb-color4);\"><div class=\"fusion-social-networks color-type-custom\"><div class=\"fusion-social-networks-wrapper\"><a class=\"fusion-social-network-icon fusion-tooltip fusion-facebook awb-icon-facebook\" style=\"color:var(--awb-color8);font-size:14px;\" data-placement=\"top\" data-title=\"Facebook\" data-toggle=\"tooltip\" title=\"Facebook\" aria-label=\"facebook\" target=\"_blank\" rel=\"noopener noreferrer\" href=\"#\"><\/a><a class=\"fusion-social-network-icon fusion-tooltip fusion-twitter awb-icon-twitter\" style=\"color:var(--awb-color8);font-size:14px;\" data-placement=\"top\" data-title=\"X\" data-toggle=\"tooltip\" title=\"X\" aria-label=\"twitter\" target=\"_blank\" rel=\"noopener noreferrer\" href=\"#\"><\/a><a class=\"fusion-social-network-icon fusion-tooltip fusion-instagram awb-icon-instagram\" style=\"color:var(--awb-color8);font-size:14px;\" data-placement=\"top\" data-title=\"Instagram\" data-toggle=\"tooltip\" title=\"Instagram\" aria-label=\"instagram\" target=\"_blank\" rel=\"noopener noreferrer\" href=\"#\"><\/a><\/div><\/div><\/div><div ><a class=\"fusion-button button-flat fusion-button-default-size button-default fusion-button-default button-4 fusion-button-default-span fusion-button-default-type\" target=\"lightbox\" rel=\"iLightbox\" href=\"#\" data-toggle=\"modal\" data-target=\".fusion-modal.The Black Browed Fools\"><span class=\"fusion-button-text awb-button__text awb-button__text--default\">Watch Video<\/span><\/a><\/div><\/div><\/li>\n<\/ul><div class=\"pagination clearfix\"><span class=\"current\">1<\/span><a href=\"https:\/\/andresyves.com\/es\/wp-json\/wp\/v2\/pages\/2580\/page\/2\/\" class=\"inactive\">2<\/a><a class=\"pagination-next\" rel=\"next\" href=\"https:\/\/andresyves.com\/es\/wp-json\/wp\/v2\/pages\/2580\/page\/2\/\"><span class=\"page-text\">Next<\/span><span class=\"page-next\"><\/span><\/a><\/div><div class=\"fusion-clearfix\"><\/div><\/div><\/div><\/div><\/div><\/div>","protected":false},"excerpt":{"rendered":"","protected":false},"author":1,"featured_media":0,"parent":0,"menu_order":0,"comment_status":"closed","ping_status":"closed","template":"100-width.php","meta":{"_acf_changed":false,"footnotes":""},"class_list":["post-2580","page","type-page","status-publish","hentry"],"acf":[],"yoast_head":"<!-- This site is optimized with the Yoast SEO plugin v26.9 - https:\/\/yoast.com\/product\/yoast-seo-wordpress\/ -->\n<title>TEST - A.Y Online<\/title>\n<meta name=\"robots\" content=\"index, follow, max-snippet:-1, max-image-preview:large, max-video-preview:-1\" \/>\n<link rel=\"canonical\" href=\"https:\/\/andresyves.com\/es\/test\/\" \/>\n<meta property=\"og:locale\" content=\"es_ES\" \/>\n<meta property=\"og:type\" content=\"article\" \/>\n<meta property=\"og:title\" content=\"TEST - A.Y Online\" \/>\n<meta property=\"og:url\" content=\"https:\/\/andresyves.com\/es\/test\/\" \/>\n<meta property=\"og:site_name\" content=\"A.Y Online\" \/>\n<meta property=\"article:modified_time\" content=\"2025-02-18T11:05:02+00:00\" \/>\n<meta name=\"twitter:card\" content=\"summary_large_image\" \/>\n<meta name=\"twitter:label1\" content=\"Tiempo de lectura\" \/>\n\t<meta name=\"twitter:data1\" content=\"4 minutos\" \/>\n<script type=\"application\/ld+json\" class=\"yoast-schema-graph\">{\"@context\":\"https:\/\/schema.org\",\"@graph\":[{\"@type\":\"WebPage\",\"@id\":\"https:\/\/andresyves.com\/test\/\",\"url\":\"https:\/\/andresyves.com\/test\/\",\"name\":\"TEST - A.Y Online\",\"isPartOf\":{\"@id\":\"https:\/\/andresyves.com\/#website\"},\"datePublished\":\"2024-10-18T08:56:17+00:00\",\"dateModified\":\"2025-02-18T11:05:02+00:00\",\"breadcrumb\":{\"@id\":\"https:\/\/andresyves.com\/test\/#breadcrumb\"},\"inLanguage\":\"es\",\"potentialAction\":[{\"@type\":\"ReadAction\",\"target\":[\"https:\/\/andresyves.com\/test\/\"]}]},{\"@type\":\"BreadcrumbList\",\"@id\":\"https:\/\/andresyves.com\/test\/#breadcrumb\",\"itemListElement\":[{\"@type\":\"ListItem\",\"position\":1,\"name\":\"Home\",\"item\":\"https:\/\/andresyves.com\/\"},{\"@type\":\"ListItem\",\"position\":2,\"name\":\"TEST\"}]},{\"@type\":\"WebSite\",\"@id\":\"https:\/\/andresyves.com\/#website\",\"url\":\"https:\/\/andresyves.com\/\",\"name\":\"A.Y Online\",\"description\":\"Andr\u00e9s Yves Portfolio\",\"potentialAction\":[{\"@type\":\"SearchAction\",\"target\":{\"@type\":\"EntryPoint\",\"urlTemplate\":\"https:\/\/andresyves.com\/?s={search_term_string}\"},\"query-input\":{\"@type\":\"PropertyValueSpecification\",\"valueRequired\":true,\"valueName\":\"search_term_string\"}}],\"inLanguage\":\"es\"}]}<\/script>\n<!-- \/ Yoast SEO plugin. -->","yoast_head_json":{"title":"TEST - A.Y Online","robots":{"index":"index","follow":"follow","max-snippet":"max-snippet:-1","max-image-preview":"max-image-preview:large","max-video-preview":"max-video-preview:-1"},"canonical":"https:\/\/andresyves.com\/es\/test\/","og_locale":"es_ES","og_type":"article","og_title":"TEST - A.Y Online","og_url":"https:\/\/andresyves.com\/es\/test\/","og_site_name":"A.Y Online","article_modified_time":"2025-02-18T11:05:02+00:00","twitter_card":"summary_large_image","twitter_misc":{"Tiempo de lectura":"4 minutos"},"schema":{"@context":"https:\/\/schema.org","@graph":[{"@type":"WebPage","@id":"https:\/\/andresyves.com\/test\/","url":"https:\/\/andresyves.com\/test\/","name":"TEST - A.Y Online","isPartOf":{"@id":"https:\/\/andresyves.com\/#website"},"datePublished":"2024-10-18T08:56:17+00:00","dateModified":"2025-02-18T11:05:02+00:00","breadcrumb":{"@id":"https:\/\/andresyves.com\/test\/#breadcrumb"},"inLanguage":"es","potentialAction":[{"@type":"ReadAction","target":["https:\/\/andresyves.com\/test\/"]}]},{"@type":"BreadcrumbList","@id":"https:\/\/andresyves.com\/test\/#breadcrumb","itemListElement":[{"@type":"ListItem","position":1,"name":"Home","item":"https:\/\/andresyves.com\/"},{"@type":"ListItem","position":2,"name":"TEST"}]},{"@type":"WebSite","@id":"https:\/\/andresyves.com\/#website","url":"https:\/\/andresyves.com\/","name":"A.Y Online","description":"Andr\u00e9s Yves Portfolio","potentialAction":[{"@type":"SearchAction","target":{"@type":"EntryPoint","urlTemplate":"https:\/\/andresyves.com\/?s={search_term_string}"},"query-input":{"@type":"PropertyValueSpecification","valueRequired":true,"valueName":"search_term_string"}}],"inLanguage":"es"}]}},"_links":{"self":[{"href":"https:\/\/andresyves.com\/es\/wp-json\/wp\/v2\/pages\/2580","targetHints":{"allow":["GET"]}}],"collection":[{"href":"https:\/\/andresyves.com\/es\/wp-json\/wp\/v2\/pages"}],"about":[{"href":"https:\/\/andresyves.com\/es\/wp-json\/wp\/v2\/types\/page"}],"author":[{"embeddable":true,"href":"https:\/\/andresyves.com\/es\/wp-json\/wp\/v2\/users\/1"}],"replies":[{"embeddable":true,"href":"https:\/\/andresyves.com\/es\/wp-json\/wp\/v2\/comments?post=2580"}],"version-history":[{"count":16,"href":"https:\/\/andresyves.com\/es\/wp-json\/wp\/v2\/pages\/2580\/revisions"}],"predecessor-version":[{"id":3014,"href":"https:\/\/andresyves.com\/es\/wp-json\/wp\/v2\/pages\/2580\/revisions\/3014"}],"wp:attachment":[{"href":"https:\/\/andresyves.com\/es\/wp-json\/wp\/v2\/media?parent=2580"}],"curies":[{"name":"wp","href":"https:\/\/api.w.org\/{rel}","templated":true}]}}