{"id":2262,"date":"2024-10-15T09:55:38","date_gmt":"2024-10-15T09:55:38","guid":{"rendered":"https:\/\/andresyves.com\/AY2025\/?page_id=2262"},"modified":"2024-10-26T10:56:37","modified_gmt":"2024-10-26T10:56:37","slug":"about","status":"publish","type":"page","link":"https:\/\/andresyves.com\/es\/about\/","title":{"rendered":"Acerca de m\u00ed"},"content":{"rendered":"<p><div class=\"fusion-fullwidth fullwidth-box fusion-builder-row-1 fusion-flex-container has-pattern-background has-mask-background fusion-parallax-fixed nonhundred-percent-fullwidth non-hundred-percent-height-scrolling lazyload\" style=\"--awb-border-radius-top-left:0px;--awb-border-radius-top-right:0px;--awb-border-radius-bottom-right:0px;--awb-border-radius-bottom-left:0px;--awb-padding-top:13%;--awb-padding-bottom:13%;--awb-padding-left:20px;--awb-padding-top-small:71px;--awb-padding-bottom-small:70px;--awb-margin-top:0px;--awb-margin-bottom:0px;--awb-background-image:linear-gradient(180deg, hsla(var(--awb-color8-h),var(--awb-color8-s),var(--awb-color8-l),calc(var(--awb-color8-a) - 70%)) 0%,hsla(var(--awb-color8-h),var(--awb-color8-s),var(--awb-color8-l),calc(var(--awb-color8-a) - 70%)) 100%);;--awb-background-size:cover;--awb-flex-wrap:wrap;background-attachment:fixed;\" data-bg=\"http:\/\/andresyves.com\/AY2025\/wp-content\/uploads\/2024\/10\/1.jpg\" data-bg-gradient=\"linear-gradient(180deg, hsla(var(--awb-color8-h),var(--awb-color8-s),var(--awb-color8-l),calc(var(--awb-color8-a) - 70%)) 0%,hsla(var(--awb-color8-h),var(--awb-color8-s),var(--awb-color8-l),calc(var(--awb-color8-a) - 70%)) 100%)\" ><div class=\"fusion-builder-row fusion-row fusion-flex-align-items-center fusion-flex-content-wrap\" style=\"max-width:1260px;margin-left: calc(-5% \/ 2 );margin-right: calc(-5% \/ 2 );\"><div class=\"fusion-layout-column fusion_builder_column fusion-builder-column-0 fusion_builder_column_2_3 2_3 fusion-flex-column\" style=\"--awb-bg-size:cover;--awb-width-large:66.666666666667%;--awb-margin-top-large:89px;--awb-spacing-right-large:3.5625%;--awb-margin-bottom-large:0px;--awb-spacing-left-large:3.5625%;--awb-width-medium:66.666666666667%;--awb-order-medium:0;--awb-spacing-right-medium:3.5625%;--awb-spacing-left-medium:3.5625%;--awb-width-small:100%;--awb-order-small:0;--awb-spacing-right-small:2.375%;--awb-spacing-left-small:2.375%;\"><div class=\"fusion-column-wrapper fusion-column-has-shadow fusion-flex-justify-content-flex-start fusion-content-layout-column\"><div class=\"fusion-title title fusion-title-1 fusion-no-large-visibility fusion-sep-none fusion-title-text fusion-title-size-one\" style=\"--awb-margin-bottom:40px;--awb-font-size:46px;\"><h1 class=\"fusion-title-heading title-heading-left fusion-responsive-typography-calculated\" style=\"margin:0;font-size:1em;--fontSize:46;line-height:1.15;\">ACERCA DE MI<\/h1><\/div><div class=\"fusion-title title fusion-title-2 fusion-no-small-visibility fusion-no-medium-visibility fusion-sep-none fusion-title-text fusion-title-size-one\" style=\"--awb-text-color:#ffffff;--awb-margin-bottom:40px;--awb-font-size:9rem;\"><h1 class=\"fusion-title-heading title-heading-left fusion-responsive-typography-calculated\" style=\"font-family:&quot;Inter Tight&quot;;font-style:normal;font-weight:800;margin:0;font-size:1em;--fontSize:148.5;line-height:0.87;\">ACERCA DE MI<\/h1><\/div><\/div><\/div><\/div><\/div><div class=\"fusion-fullwidth fullwidth-box fusion-builder-row-2 fusion-flex-container has-pattern-background has-mask-background nonhundred-percent-fullwidth non-hundred-percent-height-scrolling\" style=\"--awb-border-radius-top-left:0px;--awb-border-radius-top-right:0px;--awb-border-radius-bottom-right:0px;--awb-border-radius-bottom-left:0px;--awb-padding-top:95px;--awb-padding-bottom:100px;--awb-padding-top-small:90px;--awb-padding-bottom-small:80px;--awb-flex-wrap:wrap;\" ><div class=\"fusion-builder-row fusion-row fusion-flex-align-items-flex-start fusion-flex-content-wrap\" style=\"max-width:1260px;margin-left: calc(-5% \/ 2 );margin-right: calc(-5% \/ 2 );\"><div class=\"fusion-layout-column fusion_builder_column fusion-builder-column-1 fusion_builder_column_1_2 1_2 fusion-flex-column\" style=\"--awb-bg-size:cover;--awb-width-large:50%;--awb-margin-top-large:0px;--awb-spacing-right-large:30px;--awb-margin-bottom-large:0px;--awb-spacing-left-large:20px;--awb-width-medium:50%;--awb-order-medium:0;--awb-spacing-right-medium:30px;--awb-spacing-left-medium:20px;--awb-width-small:100%;--awb-order-small:0;--awb-spacing-right-small:2.375%;--awb-spacing-left-small:2.375%;\"><div class=\"fusion-column-wrapper fusion-column-has-shadow fusion-flex-justify-content-flex-start fusion-content-layout-column\"><div class=\"fusion-text fusion-text-1\" style=\"--awb-text-color:#ffffff;\"><p>Soy editor de video y dise\u00f1ador de motion graphics freelance, combinando dise\u00f1o 3D, animaci\u00f3n y escritura de guiones para contar historias que inspiren. Disfruto estar involucrado en cada paso del proceso para crear piezas que destaquen.<\/p>\n<p>Tengo una experiencia en disciplinas muy diferentes, pero la curiosidad es el hilo conductor de todas ellas. Intento involucrar algo nuevo en todo lo que hago, aprender de los errores y aplicar t\u00e9cnicas y m\u00e9todos eficientes en cada tarea o proyecto que realizo.<\/p>\n<\/div><\/div><\/div><div class=\"fusion-layout-column fusion_builder_column fusion-builder-column-2 fusion_builder_column_1_2 1_2 fusion-flex-column\" style=\"--awb-bg-size:cover;--awb-width-large:50%;--awb-margin-top-large:0px;--awb-spacing-right-large:20px;--awb-margin-bottom-large:0px;--awb-spacing-left-large:30px;--awb-width-medium:50%;--awb-order-medium:0;--awb-spacing-right-medium:20px;--awb-spacing-left-medium:30px;--awb-width-small:100%;--awb-order-small:0;--awb-spacing-right-small:2.375%;--awb-spacing-left-small:2.375%;\"><div class=\"fusion-column-wrapper fusion-column-has-shadow fusion-flex-justify-content-flex-start fusion-content-layout-column\"><div class=\"fusion-text fusion-text-2\" style=\"--awb-text-color:#ffffff;\"><p>Tambi\u00e9n tengo experiencia en la producci\u00f3n de varios proyectos, desde la preproducci\u00f3n hasta la ejecuci\u00f3n, documentando y editando videos a lo largo del proceso. Trabajar en equipo, con plazos ajustados y adapt\u00e1ndome a las peticiones de clientes se convirti\u00f3 en mi rutina. Algunos de estos proyectos recibieron reconocimientos como el One Show Award, Webby, Clio y el Hermes Creative Award. <\/p>\n<\/div><\/div><\/div><\/div><\/div><div class=\"fusion-fullwidth fullwidth-box fusion-builder-row-3 fusion-flex-container fusion-parallax-none nonhundred-percent-fullwidth non-hundred-percent-height-scrolling lazyload\" style=\"--awb-border-radius-top-left:0px;--awb-border-radius-top-right:0px;--awb-border-radius-bottom-right:0px;--awb-border-radius-bottom-left:0px;--awb-padding-top:180px;--awb-padding-bottom:110px;--awb-padding-top-medium:130px;--awb-padding-bottom-medium:40px;--awb-padding-top-small:100px;--awb-margin-top:0px;--awb-background-color:#444444;--awb-background-image:linear-gradient(0deg, rgba(10,10,10,0.44) 60%,var(--awb-color8) 100%);;--awb-background-size:cover;--awb-flex-wrap:wrap;\" data-bg=\"http:\/\/andresyves.com\/AY2025\/wp-content\/uploads\/2024\/10\/IMG_8616opti.jpg\" data-bg-gradient=\"linear-gradient(0deg, rgba(10,10,10,0.44) 60%,var(--awb-color8) 100%)\" ><div class=\"fusion-builder-row fusion-row fusion-flex-align-items-center fusion-flex-justify-content-center fusion-flex-content-wrap\" style=\"max-width:calc( 1200px + 40px );margin-left: calc(-40px \/ 2 );margin-right: calc(-40px \/ 2 );\"><div class=\"fusion-layout-column fusion_builder_column fusion-builder-column-3 fusion_builder_column_3_4 3_4 fusion-flex-column\" style=\"--awb-bg-size:cover;--awb-width-large:75%;--awb-margin-top-large:0px;--awb-spacing-right-large:20px;--awb-margin-bottom-large:0px;--awb-spacing-left-large:20px;--awb-width-medium:75%;--awb-order-medium:0;--awb-spacing-right-medium:20px;--awb-spacing-left-medium:20px;--awb-width-small:100%;--awb-order-small:0;--awb-spacing-right-small:20px;--awb-margin-bottom-small:57px;--awb-spacing-left-small:20px;\"><div class=\"fusion-column-wrapper fusion-column-has-shadow fusion-flex-justify-content-flex-start fusion-content-layout-column\"><div class=\"fusion-title title fusion-title-3 fusion-no-small-visibility fusion-sep-none fusion-title-center fusion-title-text fusion-title-size-one\" style=\"--awb-text-color:var(--awb-color1);--awb-margin-bottom:30px;\"><h1 class=\"fusion-title-heading title-heading-center fusion-responsive-typography-calculated\" style=\"margin:0;text-transform:uppercase;--fontSize:66;line-height:0.87;\">QUIERES VER M\u00c1S?<\/h1><\/div><div class=\"fusion-title title fusion-title-4 fusion-no-medium-visibility fusion-no-large-visibility fusion-sep-none fusion-title-text fusion-title-size-one\" style=\"--awb-text-color:var(--awb-color1);--awb-margin-bottom:30px;--awb-font-size:50px;\"><h1 class=\"fusion-title-heading title-heading-left sm-text-align-center fusion-responsive-typography-calculated\" style=\"margin:0;font-size:1em;--fontSize:50;line-height:1.24;\">QUIERES VER M\u00c1S?<\/h1><\/div><div style=\"text-align:center;\"><a class=\"fusion-button button-flat fusion-button-default-size button-default fusion-button-default button-1 fusion-button-default-span fusion-button-default-type\" style=\"--button_text_transform:var(--awb-typography3-text-transform);--button_font_size:var(--awb-typography3-font-size);--button_line_height:var(--awb-typography3-line-height);--button_padding-top:20px;--button_padding-right:35px;--button_padding-bottom:20px;--button_padding-left:35px;--button_typography-letter-spacing:var(--awb-typography3-letter-spacing);--button_typography-font-family:var(--awb-typography3-font-family);--button_typography-font-weight:var(--awb-typography3-font-weight);--button_typography-font-style:var(--awb-typography3-font-style);\" target=\"_self\" data-hover=\"text_slide_up\" href=\"http:\/\/photo.andresyves.es\/\"><div class=\"awb-button-text-transition  awb-button__hover-content--centered\"><span class=\"fusion-button-text awb-button__text awb-button__text--default\">My photography<\/span><span class=\"fusion-button-text awb-button__text awb-button__text--default\">My photography<\/span><\/div><\/a><\/div><\/div><\/div><\/div><\/div><\/p>","protected":false},"excerpt":{"rendered":"","protected":false},"author":1,"featured_media":0,"parent":0,"menu_order":0,"comment_status":"closed","ping_status":"closed","template":"100-width.php","meta":{"_acf_changed":false,"footnotes":""},"class_list":["post-2262","page","type-page","status-publish","hentry"],"acf":[],"yoast_head":"<!-- This site is optimized with the Yoast SEO plugin v26.9 - https:\/\/yoast.com\/product\/yoast-seo-wordpress\/ -->\n<title>About - A.Y Online<\/title>\n<meta name=\"robots\" content=\"index, follow, max-snippet:-1, max-image-preview:large, max-video-preview:-1\" \/>\n<link rel=\"canonical\" href=\"https:\/\/andresyves.com\/es\/about\/\" \/>\n<meta property=\"og:locale\" content=\"es_ES\" \/>\n<meta property=\"og:type\" content=\"article\" \/>\n<meta property=\"og:title\" content=\"About - A.Y Online\" \/>\n<meta property=\"og:url\" content=\"https:\/\/andresyves.com\/es\/about\/\" \/>\n<meta property=\"og:site_name\" content=\"A.Y Online\" \/>\n<meta property=\"article:modified_time\" content=\"2024-10-26T10:56:37+00:00\" \/>\n<meta name=\"twitter:card\" content=\"summary_large_image\" \/>\n<meta name=\"twitter:label1\" content=\"Tiempo de lectura\" \/>\n\t<meta name=\"twitter:data1\" content=\"12 minutos\" \/>\n<script type=\"application\/ld+json\" class=\"yoast-schema-graph\">{\"@context\":\"https:\/\/schema.org\",\"@graph\":[{\"@type\":\"WebPage\",\"@id\":\"https:\/\/andresyves.com\/about\/\",\"url\":\"https:\/\/andresyves.com\/about\/\",\"name\":\"About - A.Y Online\",\"isPartOf\":{\"@id\":\"https:\/\/andresyves.com\/#website\"},\"datePublished\":\"2024-10-15T09:55:38+00:00\",\"dateModified\":\"2024-10-26T10:56:37+00:00\",\"breadcrumb\":{\"@id\":\"https:\/\/andresyves.com\/about\/#breadcrumb\"},\"inLanguage\":\"es\",\"potentialAction\":[{\"@type\":\"ReadAction\",\"target\":[\"https:\/\/andresyves.com\/about\/\"]}]},{\"@type\":\"BreadcrumbList\",\"@id\":\"https:\/\/andresyves.com\/about\/#breadcrumb\",\"itemListElement\":[{\"@type\":\"ListItem\",\"position\":1,\"name\":\"Home\",\"item\":\"https:\/\/andresyves.com\/\"},{\"@type\":\"ListItem\",\"position\":2,\"name\":\"About\"}]},{\"@type\":\"WebSite\",\"@id\":\"https:\/\/andresyves.com\/#website\",\"url\":\"https:\/\/andresyves.com\/\",\"name\":\"A.Y Online\",\"description\":\"Andr\u00e9s Yves Portfolio\",\"potentialAction\":[{\"@type\":\"SearchAction\",\"target\":{\"@type\":\"EntryPoint\",\"urlTemplate\":\"https:\/\/andresyves.com\/?s={search_term_string}\"},\"query-input\":{\"@type\":\"PropertyValueSpecification\",\"valueRequired\":true,\"valueName\":\"search_term_string\"}}],\"inLanguage\":\"es\"}]}<\/script>\n<!-- \/ Yoast SEO plugin. -->","yoast_head_json":{"title":"About - A.Y Online","robots":{"index":"index","follow":"follow","max-snippet":"max-snippet:-1","max-image-preview":"max-image-preview:large","max-video-preview":"max-video-preview:-1"},"canonical":"https:\/\/andresyves.com\/es\/about\/","og_locale":"es_ES","og_type":"article","og_title":"About - A.Y Online","og_url":"https:\/\/andresyves.com\/es\/about\/","og_site_name":"A.Y Online","article_modified_time":"2024-10-26T10:56:37+00:00","twitter_card":"summary_large_image","twitter_misc":{"Tiempo de lectura":"12 minutos"},"schema":{"@context":"https:\/\/schema.org","@graph":[{"@type":"WebPage","@id":"https:\/\/andresyves.com\/about\/","url":"https:\/\/andresyves.com\/about\/","name":"About - A.Y Online","isPartOf":{"@id":"https:\/\/andresyves.com\/#website"},"datePublished":"2024-10-15T09:55:38+00:00","dateModified":"2024-10-26T10:56:37+00:00","breadcrumb":{"@id":"https:\/\/andresyves.com\/about\/#breadcrumb"},"inLanguage":"es","potentialAction":[{"@type":"ReadAction","target":["https:\/\/andresyves.com\/about\/"]}]},{"@type":"BreadcrumbList","@id":"https:\/\/andresyves.com\/about\/#breadcrumb","itemListElement":[{"@type":"ListItem","position":1,"name":"Home","item":"https:\/\/andresyves.com\/"},{"@type":"ListItem","position":2,"name":"About"}]},{"@type":"WebSite","@id":"https:\/\/andresyves.com\/#website","url":"https:\/\/andresyves.com\/","name":"A.Y Online","description":"Andr\u00e9s Yves Portfolio","potentialAction":[{"@type":"SearchAction","target":{"@type":"EntryPoint","urlTemplate":"https:\/\/andresyves.com\/?s={search_term_string}"},"query-input":{"@type":"PropertyValueSpecification","valueRequired":true,"valueName":"search_term_string"}}],"inLanguage":"es"}]}},"_links":{"self":[{"href":"https:\/\/andresyves.com\/es\/wp-json\/wp\/v2\/pages\/2262","targetHints":{"allow":["GET"]}}],"collection":[{"href":"https:\/\/andresyves.com\/es\/wp-json\/wp\/v2\/pages"}],"about":[{"href":"https:\/\/andresyves.com\/es\/wp-json\/wp\/v2\/types\/page"}],"author":[{"embeddable":true,"href":"https:\/\/andresyves.com\/es\/wp-json\/wp\/v2\/users\/1"}],"replies":[{"embeddable":true,"href":"https:\/\/andresyves.com\/es\/wp-json\/wp\/v2\/comments?post=2262"}],"version-history":[{"count":63,"href":"https:\/\/andresyves.com\/es\/wp-json\/wp\/v2\/pages\/2262\/revisions"}],"predecessor-version":[{"id":2846,"href":"https:\/\/andresyves.com\/es\/wp-json\/wp\/v2\/pages\/2262\/revisions\/2846"}],"wp:attachment":[{"href":"https:\/\/andresyves.com\/es\/wp-json\/wp\/v2\/media?parent=2262"}],"curies":[{"name":"wp","href":"https:\/\/api.w.org\/{rel}","templated":true}]}}